{"id":2380,"date":"2021-06-11T07:33:12","date_gmt":"2021-06-11T07:33:12","guid":{"rendered":"https:\/\/promo-theme.com\/novo\/?page_id=2380"},"modified":"2025-04-05T20:35:06","modified_gmt":"2025-04-05T18:35:06","slug":"contacts-elementor","status":"publish","type":"page","link":"https:\/\/petrdolezal.eu\/index.php\/contacts-elementor\/","title":{"rendered":"Slu\u017eby a kontakt"},"content":{"rendered":"\t\t<div data-elementor-type=\"wp-page\" data-elementor-id=\"2380\" class=\"elementor elementor-2380\">\n\t\t\t\t\t\t<section class=\"elementor-section elementor-top-section elementor-element elementor-element-cc3bfe4 elementor-section-boxed elementor-section-height-default elementor-section-height-default\" data-id=\"cc3bfe4\" data-element_type=\"section\" data-e-type=\"section\">\n\t\t\t\t\t\t<div class=\"elementor-container elementor-column-gap-default\">\n\t\t\t\t\t<div class=\"elementor-column elementor-col-100 elementor-top-column elementor-element elementor-element-c52541e\" data-id=\"c52541e\" data-element_type=\"column\" data-e-type=\"column\">\n\t\t\t<div class=\"elementor-widget-wrap elementor-element-populated\">\n\t\t\t\t\t\t<div class=\"elementor-element elementor-element-029dba3 elementor-widget elementor-widget-yprm_heading\" data-id=\"029dba3\" data-element_type=\"widget\" data-e-type=\"widget\" data-widget_type=\"yprm_heading.default\">\n\t\t\t\t<div class=\"elementor-widget-container\">\n\t\t\t\t\t\t\t\t<div class=\"heading-block tac\">\n\t\t\t\t                  <h2 class=\"h\">Slu\u017eby<\/h2>\n        \t\t\t<\/div>\n      \t\t\t\t\t\t<\/div>\n\t\t\t\t<\/div>\n\t\t\t\t<div class=\"elementor-element elementor-element-3f68353 elementor-widget elementor-widget-text-editor\" data-id=\"3f68353\" data-element_type=\"widget\" data-e-type=\"widget\" data-widget_type=\"text-editor.default\">\n\t\t\t\t\t\t\t\t\t<p style=\"text-align: center;\"><span style=\"font-size: 18px;\">Fotografie<\/span><\/p><p style=\"text-align: center;\"><span style=\"font-size: 18px;\">Tvorba webov\u00fdch str\u00e1nek na platform\u011b WordPress (spolupr\u00e1ce s copywriterem a webdesignerem)<\/span><br \/><span style=\"font-size: 18px;\">+ mo\u017enost vytvo\u0159en\u00ed fotografi\u00ed na web<\/span><\/p>\t\t\t\t\t\t\t\t<\/div>\n\t\t\t\t<div class=\"elementor-element elementor-element-49a0f08 elementor-widget elementor-widget-yprm_heading\" data-id=\"49a0f08\" data-element_type=\"widget\" data-e-type=\"widget\" data-widget_type=\"yprm_heading.default\">\n\t\t\t\t<div class=\"elementor-widget-container\">\n\t\t\t\t\t\t\t\t<div class=\"heading-block tac\">\n\t\t\t\t                  <h2 class=\"h\">Kontakt<\/h2>\n        \t\t\t<\/div>\n      \t\t\t\t\t\t<\/div>\n\t\t\t\t<\/div>\n\t\t\t\t<div class=\"elementor-element elementor-element-8bd4100 elementor-widget elementor-widget-yprm_icon_box\" data-id=\"8bd4100\" data-element_type=\"widget\" data-e-type=\"widget\" data-settings=\"{&quot;cols_xs&quot;:1,&quot;cols_md&quot;:3}\" data-widget_type=\"yprm_icon_box.default\">\n\t\t\t\t<div class=\"elementor-widget-container\">\n\t\t\t\t\t\t\t\t<div class=\"icon-box-block icon-box-style3\">\r\n\t\t\t\t<div class=\"row\">\r\n\t\t\t\t\t\t\t\t<div class=\"col-12 col-md-4\">\r\n\t\t\t\t<div class=\"icon-box\">\r\n\t\t\t\t\t\t\t\t<div class=\"icon\">\r\n\t\t\t\t<i class=\"multimedia-icon multimedia-icon-smartphone multimedia\" aria-hidden=\"true\"><\/i>\t\t\t<\/div>\r\n\t\t                                  \t\t\t<div class=\"desc\">+420 773 488 381<\/div>\r\n\t\t                    \t\t\t\t<\/div>\r\n\t\t\t<\/div>\r\n\t\t\t\t\t<div class=\"col-12 col-md-4\">\r\n\t\t\t\t<div class=\"icon-box\">\r\n\t\t\t\t\t\t\t\t<div class=\"icon\">\r\n\t\t\t\t<i class=\"multimedia-icon multimedia-icon-envelope multimedia\" aria-hidden=\"true true\"><\/i>\t\t\t<\/div>\r\n\t\t                                  \t\t\t<div class=\"desc\">mail@petrdolezal.eu<\/div>\r\n\t\t                    \t\t\t\t<\/div>\r\n\t\t\t<\/div>\r\n\t\t\t\t\t<div class=\"col-12 col-md-4\">\r\n\t\t\t\t<div class=\"icon-box\">\r\n\t\t\t\t\t\t\t\t<div class=\"icon\">\r\n\t\t\t\t<i class=\"multimedia-icon multimedia-icon-placeholder multimedia\" aria-hidden=\"true true true\"><\/i>\t\t\t<\/div>\r\n\t\t                                  \t\t\t<div class=\"desc\">U C\u00edsa\u0159sk\u00e9 cesty 163, Praha 10<\/div>\r\n\t\t                    \t\t\t\t<\/div>\r\n\t\t\t<\/div>\r\n\t\t\t\t\t\t<\/div>\r\n\t\t\t<\/div>\r\n\t\t\t\t\t\t<\/div>\n\t\t\t\t<\/div>\n\t\t\t\t<div class=\"elementor-element elementor-element-07a0fc5 elementor-widget elementor-widget-shortcode\" data-id=\"07a0fc5\" data-element_type=\"widget\" data-e-type=\"widget\" data-widget_type=\"shortcode.default\">\n\t\t\t\t\t\t\t<div class=\"elementor-shortcode\">\n<div class=\"wpcf7 no-js\" id=\"wpcf7-f760-o1\" lang=\"en-US\" dir=\"ltr\" data-wpcf7-id=\"760\">\n<div class=\"screen-reader-response\"><p role=\"status\" aria-live=\"polite\" aria-atomic=\"true\"><\/p> <ul><\/ul><\/div>\n<form action=\"\/index.php\/wp-json\/wp\/v2\/pages\/2380#wpcf7-f760-o1\" method=\"post\" class=\"wpcf7-form init\" aria-label=\"Contact form\" novalidate=\"novalidate\" data-status=\"init\">\n<fieldset class=\"hidden-fields-container\"><input type=\"hidden\" name=\"_wpcf7\" value=\"760\" \/><input type=\"hidden\" name=\"_wpcf7_version\" value=\"6.1.5\" \/><input type=\"hidden\" name=\"_wpcf7_locale\" value=\"en_US\" \/><input type=\"hidden\" name=\"_wpcf7_unit_tag\" value=\"wpcf7-f760-o1\" \/><input type=\"hidden\" name=\"_wpcf7_container_post\" value=\"0\" \/><input type=\"hidden\" name=\"_wpcf7_posted_data_hash\" value=\"\" \/>\n<\/fieldset>\n<div class=\"tac\" style=\"max-width: 350px; margin: 0 auto;\">\n<span class=\"wpcf7-form-control-wrap\" data-name=\"name-p\"><input size=\"40\" maxlength=\"400\" class=\"wpcf7-form-control wpcf7-text wpcf7-validates-as-required style3\" aria-required=\"true\" aria-invalid=\"false\" placeholder=\"Zadejte jm\u00e9no\" value=\"\" type=\"text\" name=\"name-p\" \/><\/span>\n<span class=\"wpcf7-form-control-wrap\" data-name=\"mail\"><input size=\"40\" maxlength=\"400\" class=\"wpcf7-form-control wpcf7-text wpcf7-validates-as-required style3\" aria-required=\"true\" aria-invalid=\"false\" placeholder=\"Zadejte email\" value=\"\" type=\"text\" name=\"mail\" \/><\/span>\n<span class=\"wpcf7-form-control-wrap\" data-name=\"text\"><textarea cols=\"40\" rows=\"4\" maxlength=\"2000\" class=\"wpcf7-form-control wpcf7-textarea wpcf7-validates-as-required style3\" aria-required=\"true\" aria-invalid=\"false\" placeholder=\"Zadejte V\u00e1\u0161 dotaz\" name=\"text\"><\/textarea><\/span>\n<input class=\"wpcf7-form-control wpcf7-submit has-spinner button-style1\" type=\"submit\" value=\"Odeslat\" \/>\n<\/div><div class=\"wpcf7-response-output\" aria-hidden=\"true\"><\/div>\n<\/form>\n<\/div>\n<\/div>\n\t\t\t\t\t\t<\/div>\n\t\t\t\t\t<\/div>\n\t\t<\/div>\n\t\t\t\t\t<\/div>\n\t\t<\/section>\n\t\t\t\t<\/div>\n\t\t","protected":false},"excerpt":{"rendered":"<p>Slu\u017eby Fotografie Tvorba webov\u00fdch str\u00e1nek na platform\u011b WordPress (spolupr\u00e1ce s copywriterem a webdesignerem)+ mo\u017enost vytvo\u0159en\u00ed fotografi\u00ed na web Kontakt +420 773 488 381 mail@petrdolezal.eu U C\u00edsa\u0159sk\u00e9 cesty 163, Praha 10<\/p>\n","protected":false},"author":1,"featured_media":0,"parent":0,"menu_order":0,"comment_status":"closed","ping_status":"closed","template":"template-landing.php","meta":{"_acf_changed":false,"footnotes":""},"class_list":["post-2380","page","type-page","status-publish","hentry"],"acf":[],"_links":{"self":[{"href":"https:\/\/petrdolezal.eu\/index.php\/wp-json\/wp\/v2\/pages\/2380","targetHints":{"allow":["GET"]}}],"collection":[{"href":"https:\/\/petrdolezal.eu\/index.php\/wp-json\/wp\/v2\/pages"}],"about":[{"href":"https:\/\/petrdolezal.eu\/index.php\/wp-json\/wp\/v2\/types\/page"}],"author":[{"embeddable":true,"href":"https:\/\/petrdolezal.eu\/index.php\/wp-json\/wp\/v2\/users\/1"}],"replies":[{"embeddable":true,"href":"https:\/\/petrdolezal.eu\/index.php\/wp-json\/wp\/v2\/comments?post=2380"}],"version-history":[{"count":0,"href":"https:\/\/petrdolezal.eu\/index.php\/wp-json\/wp\/v2\/pages\/2380\/revisions"}],"wp:attachment":[{"href":"https:\/\/petrdolezal.eu\/index.php\/wp-json\/wp\/v2\/media?parent=2380"}],"curies":[{"name":"wp","href":"https:\/\/api.w.org\/{rel}","templated":true}]}}